{"id":8,"date":"2017-07-10T19:20:42","date_gmt":"2017-07-10T18:20:42","guid":{"rendered":"http:\/\/philharmoniamundimontreal.com\/nouveau_site\/?page_id=8"},"modified":"2024-12-03T02:59:50","modified_gmt":"2024-12-03T01:59:50","slug":"accueil","status":"publish","type":"page","link":"https:\/\/www.philharmoniamundimontreal.com\/orchestre\/accueil\/","title":{"rendered":"L&rsquo;orchestre"},"content":{"rendered":"<p><b>La passion de la musique, en sons et en mots \u2013\u00a0 avec l\u2019orchestre Philharmonia Mundi de Montr\u00e9al<\/b><\/p>\n<p>Depuis plus de 20 ans, l\u2019OPMM r\u00e9unit dans la bonne humeur et le d\u00e9sir de se d\u00e9passer des musiciens de niveau avanc\u00e9 de tous \u00e2ges\u00a0et\u00a0horizons pour atteindre de nouveaux sommets d\u2019interpr\u00e9tation musicale dans les plus grandes \u0153uvres du r\u00e9pertoire orchestral.<\/p>\n<p>L\u2019OPMM, c\u2019est une amiti\u00e9 solide, une aspiration \u00e0 l\u2019excellence et un apprentissage constant.<\/p>\n<ul>\n<li>Des retrouvailles hebdomadaires qu\u2019on attend avec impatience.<\/li>\n<li>Un recrutement par audition et une qu\u00eate commune de perfection.<\/li>\n<li>La cr\u00e9ation\u00a0d\u2019\u0153uvres nouvelles.<\/li>\n<li>L\u2019occasion pour les musiciens de l\u2019orchestre de\u00a0se produire\u00a0avec l\u2019OPMM\u00a0comme\u00a0solistes\u00a0et une\u00a0collaboration r\u00e9guli\u00e8re avec des solistes de renom.<\/li>\n<li>Une vocation p\u00e9dagogique pour encourager le perfectionnement et la sensibilit\u00e9 musicale de ses membres, et l\u2019enrichissement de son fid\u00e8le public.<\/li>\n<li>Plusieurs concerts par ann\u00e9e.<\/li>\n<li>Un financement assur\u00e9 uniquement par ses membres.<\/li>\n<\/ul>\n\n\n<p><strong>Contact:<\/strong> <a href=\"mailto:info@philharmoniamundimontreal.com\">info@philharmoniamundimontreal.com<\/a><\/p>\n","protected":false},"excerpt":{"rendered":"<p>La passion de la musique, en sons et en mots \u2013\u00a0 avec l\u2019orchestre Philharmonia Mundi de Montr\u00e9al Depuis plus de 20 ans, l\u2019OPMM r\u00e9unit dans la bonne humeur et le d\u00e9sir de se d\u00e9passer des musiciens de niveau avanc\u00e9 de tous \u00e2ges\u00a0et\u00a0horizons pour atteindre de nouveaux sommets d\u2019interpr\u00e9tation musicale dans les plus grandes \u0153uvres du &hellip; <\/p>\n<p class=\"link-more\"><a href=\"https:\/\/www.philharmoniamundimontreal.com\/orchestre\/accueil\/\" class=\"more-link\">Continuer la lecture<span class=\"screen-reader-text\"> de &laquo; L&rsquo;orchestre &raquo;<\/span><\/a><\/p>\n","protected":false},"author":2,"featured_media":103,"parent":0,"menu_order":0,"comment_status":"closed","ping_status":"closed","template":"","meta":{"footnotes":""},"class_list":["post-8","page","type-page","status-publish","has-post-thumbnail","hentry"],"_links":{"self":[{"href":"https:\/\/www.philharmoniamundimontreal.com\/orchestre\/wp-json\/wp\/v2\/pages\/8","targetHints":{"allow":["GET"]}}],"collection":[{"href":"https:\/\/www.philharmoniamundimontreal.com\/orchestre\/wp-json\/wp\/v2\/pages"}],"about":[{"href":"https:\/\/www.philharmoniamundimontreal.com\/orchestre\/wp-json\/wp\/v2\/types\/page"}],"author":[{"embeddable":true,"href":"https:\/\/www.philharmoniamundimontreal.com\/orchestre\/wp-json\/wp\/v2\/users\/2"}],"replies":[{"embeddable":true,"href":"https:\/\/www.philharmoniamundimontreal.com\/orchestre\/wp-json\/wp\/v2\/comments?post=8"}],"version-history":[{"count":10,"href":"https:\/\/www.philharmoniamundimontreal.com\/orchestre\/wp-json\/wp\/v2\/pages\/8\/revisions"}],"predecessor-version":[{"id":668,"href":"https:\/\/www.philharmoniamundimontreal.com\/orchestre\/wp-json\/wp\/v2\/pages\/8\/revisions\/668"}],"wp:featuredmedia":[{"embeddable":true,"href":"https:\/\/www.philharmoniamundimontreal.com\/orchestre\/wp-json\/wp\/v2\/media\/103"}],"wp:attachment":[{"href":"https:\/\/www.philharmoniamundimontreal.com\/orchestre\/wp-json\/wp\/v2\/media?parent=8"}],"curies":[{"name":"wp","href":"https:\/\/api.w.org\/{rel}","templated":true}]}}